{"id":1469,"date":"2020-11-05T00:46:43","date_gmt":"2020-11-05T04:46:43","guid":{"rendered":"https:\/\/palafitocucaolodge.com\/protocolo-covid-19-castro-chiloe\/"},"modified":"2022-06-15T14:17:29","modified_gmt":"2022-06-15T18:17:29","slug":"protocolo-covid-19-castro-chiloe","status":"publish","type":"page","link":"https:\/\/palafitocucaolodge.com\/en\/protocolo-covid-19-castro-chiloe\/","title":{"rendered":"Protoloco COVID-19"},"content":{"rendered":"\t\t<div data-elementor-type=\"wp-page\" data-elementor-id=\"1469\" class=\"elementor elementor-1469 elementor-608\">\n\t\t\t\t\t\t<section class=\"elementor-section elementor-top-section elementor-element elementor-element-3ac30ce elementor-section-boxed elementor-section-height-default elementor-section-height-default\" data-id=\"3ac30ce\" data-element_type=\"section\">\n\t\t\t\t\t\t<div class=\"elementor-container elementor-column-gap-default\">\n\t\t\t\t\t<div class=\"elementor-column elementor-col-100 elementor-top-column elementor-element elementor-element-8b736e3\" data-id=\"8b736e3\" data-element_type=\"column\">\n\t\t\t<div class=\"elementor-widget-wrap elementor-element-populated\">\n\t\t\t\t\t\t<div class=\"elementor-element elementor-element-10185b4 elementor-widget elementor-widget-spacer\" data-id=\"10185b4\" data-element_type=\"widget\" data-widget_type=\"spacer.default\">\n\t\t\t\t<div class=\"elementor-widget-container\">\n\t\t\t\t\t<div class=\"elementor-spacer\">\n\t\t\t<div class=\"elementor-spacer-inner\"><\/div>\n\t\t<\/div>\n\t\t\t\t<\/div>\n\t\t\t\t<\/div>\n\t\t\t\t\t<\/div>\n\t\t<\/div>\n\t\t\t\t\t<\/div>\n\t\t<\/section>\n\t\t\t\t<section class=\"elementor-section elementor-top-section elementor-element elementor-element-afd7cdd elementor-section-full_width elementor-section-height-default elementor-section-height-default\" data-id=\"afd7cdd\" data-element_type=\"section\" data-settings=\"{&quot;background_background&quot;:&quot;classic&quot;}\">\n\t\t\t\t\t\t<div class=\"elementor-container elementor-column-gap-default\">\n\t\t\t\t\t<div class=\"elementor-column elementor-col-100 elementor-top-column elementor-element elementor-element-d206238\" data-id=\"d206238\" data-element_type=\"column\">\n\t\t\t<div class=\"elementor-widget-wrap elementor-element-populated\">\n\t\t\t\t\t\t<div class=\"elementor-element elementor-element-c4c033a elementor-widget elementor-widget-heading\" data-id=\"c4c033a\" data-element_type=\"widget\" data-widget_type=\"heading.default\">\n\t\t\t\t<div class=\"elementor-widget-container\">\n\t\t\t<h3 class=\"elementor-heading-title elementor-size-default\"><a href=\"https:\/\/palafitocucaolodge.com\/vacaciones-en-chile\/como-viajar-en-chile-durante-la-pandemia\/\">Consulte aqu\u00ed los Protocolos para Traslados entre Regiones de Chile<\/a><\/h3>\t\t<\/div>\n\t\t\t\t<\/div>\n\t\t\t\t\t<\/div>\n\t\t<\/div>\n\t\t\t\t\t<\/div>\n\t\t<\/section>\n\t\t\t\t<section class=\"elementor-section elementor-top-section elementor-element elementor-element-9d981d7 elementor-section-boxed elementor-section-height-default elementor-section-height-default\" data-id=\"9d981d7\" data-element_type=\"section\">\n\t\t\t\t\t\t<div class=\"elementor-container elementor-column-gap-default\">\n\t\t\t\t\t<div class=\"elementor-column elementor-col-50 elementor-top-column elementor-element elementor-element-c346c28\" data-id=\"c346c28\" data-element_type=\"column\">\n\t\t\t<div class=\"elementor-widget-wrap elementor-element-populated\">\n\t\t\t\t\t\t<div class=\"elementor-element elementor-element-626aea6 elementor-position-top elementor-widget elementor-widget-image-box\" data-id=\"626aea6\" data-element_type=\"widget\" data-widget_type=\"image-box.default\">\n\t\t\t\t<div class=\"elementor-widget-container\">\n\t\t\t<div class=\"elementor-image-box-wrapper\"><figure class=\"elementor-image-box-img\"><img fetchpriority=\"high\" decoding=\"async\" width=\"924\" height=\"616\" src=\"https:\/\/palafitocucaolodge.com\/wp-content\/uploads\/2018\/07\/Habitacion-doble-con-vista-lateral.jpg\" class=\"attachment-full size-full wp-image-510\" alt=\"\" srcset=\"https:\/\/palafitocucaolodge.com\/wp-content\/uploads\/2018\/07\/Habitacion-doble-con-vista-lateral.jpg 924w, https:\/\/palafitocucaolodge.com\/wp-content\/uploads\/2018\/07\/Habitacion-doble-con-vista-lateral-600x400.jpg 600w, https:\/\/palafitocucaolodge.com\/wp-content\/uploads\/2018\/07\/Habitacion-doble-con-vista-lateral-300x200.jpg 300w, https:\/\/palafitocucaolodge.com\/wp-content\/uploads\/2018\/07\/Habitacion-doble-con-vista-lateral-768x512.jpg 768w, https:\/\/palafitocucaolodge.com\/wp-content\/uploads\/2018\/07\/Habitacion-doble-con-vista-lateral-840x560.jpg 840w\" sizes=\"(max-width: 924px) 100vw, 924px\" \/><\/figure><div class=\"elementor-image-box-content\"><h2 class=\"elementor-image-box-title\">Nuestras Habitaciones\u200b<\/h2><p class=\"elementor-image-box-description\">- Estricto protocolo de sanitizaci\u00f3n y limpieza con amonio-cuaternario\u200b.<br>\n\n- Contamos con un equipo profesional port\u00e1til de Tecnolog\u00eda Hospitalaria que desinfecta por radiaci\u00f3n Ultravioleta - C. Este equipo desinfecta sin contacto el 99,9% de los virus y bacterias y est\u00e1 certificado por la USACH.<br>\n\n- El Hotel cuenta adem\u00e1s con un Nebulizador port\u00e1til que contiene un qu\u00edmico diluido en amonio cuaternario.(desinfectante hospitalario).<br>\n\n- Ambos equipos se aplican diaria y reiteradamente en todas las habitaciones y \u00e1reas comunes del Hotel, para dar la tranquilidad a nuestros pasajeros en relaci\u00f3n a esta pandemia.<\/p><\/div><\/div>\t\t<\/div>\n\t\t\t\t<\/div>\n\t\t\t\t\t<\/div>\n\t\t<\/div>\n\t\t\t\t<div class=\"elementor-column elementor-col-50 elementor-top-column elementor-element elementor-element-69d8f21\" data-id=\"69d8f21\" data-element_type=\"column\">\n\t\t\t<div class=\"elementor-widget-wrap elementor-element-populated\">\n\t\t\t\t\t\t<div class=\"elementor-element elementor-element-3d601d2 elementor-position-top elementor-widget elementor-widget-image-box\" data-id=\"3d601d2\" data-element_type=\"widget\" data-widget_type=\"image-box.default\">\n\t\t\t\t<div class=\"elementor-widget-container\">\n\t\t\t<div class=\"elementor-image-box-wrapper\"><figure class=\"elementor-image-box-img\"><img decoding=\"async\" width=\"1000\" height=\"667\" src=\"https:\/\/palafitocucaolodge.com\/wp-content\/uploads\/2020\/11\/palafito1326-comedor.jpg\" class=\"attachment-full size-full wp-image-740\" alt=\"Palafito 1326 - Hotel Boutique\" srcset=\"https:\/\/palafitocucaolodge.com\/wp-content\/uploads\/2020\/11\/palafito1326-comedor.jpg 1000w, https:\/\/palafitocucaolodge.com\/wp-content\/uploads\/2020\/11\/palafito1326-comedor-600x400.jpg 600w, https:\/\/palafitocucaolodge.com\/wp-content\/uploads\/2020\/11\/palafito1326-comedor-300x200.jpg 300w, https:\/\/palafitocucaolodge.com\/wp-content\/uploads\/2020\/11\/palafito1326-comedor-768x512.jpg 768w, https:\/\/palafitocucaolodge.com\/wp-content\/uploads\/2020\/11\/palafito1326-comedor-840x560.jpg 840w\" sizes=\"(max-width: 1000px) 100vw, 1000px\" \/><\/figure><div class=\"elementor-image-box-content\"><h2 class=\"elementor-image-box-title\">Nuestros Pasajeros\u200b<\/h2><p class=\"elementor-image-box-description\">- Uso de pediluvio al ingreso al hotel para sanitizar el calzado.<br>\n\n- Sector de desinfecci\u00f3n de maletas y equipajes.<br>\n\n- Control obligatorio de temperatura al ingreso al hotel.<br>\n\n- Firma de declaraci\u00f3n jurada de salud al ingresar al hotel.<br>\n\n- Barrera acr\u00edlica de separaci\u00f3n con colaboradores en recepci\u00f3n.<br>\n\n- Entrega de llaves sanitizadas.<br>\n\n- Uso obligatorio de mascarillas en \u00e1reas comunes y de tr\u00e1nsito en el hotel.<br>\n\n- Dispensadores de alcohol-gel ubicados en diferentes puntos del hotel.<br>\n\n- Cubrir boca y nariz con el codo doblado al toser y\/\u00f3 estornudar.<\/p><\/div><\/div>\t\t<\/div>\n\t\t\t\t<\/div>\n\t\t\t\t\t<\/div>\n\t\t<\/div>\n\t\t\t\t\t<\/div>\n\t\t<\/section>\n\t\t\t\t<section class=\"elementor-section elementor-top-section elementor-element elementor-element-ce3dfcc elementor-section-boxed elementor-section-height-default elementor-section-height-default\" data-id=\"ce3dfcc\" data-element_type=\"section\">\n\t\t\t\t\t\t<div class=\"elementor-container elementor-column-gap-default\">\n\t\t\t\t\t<div class=\"elementor-column elementor-col-50 elementor-top-column elementor-element elementor-element-41a566a\" data-id=\"41a566a\" data-element_type=\"column\">\n\t\t\t<div class=\"elementor-widget-wrap elementor-element-populated\">\n\t\t\t\t\t\t<div class=\"elementor-element elementor-element-4891df8 elementor-position-top elementor-widget elementor-widget-image-box\" data-id=\"4891df8\" data-element_type=\"widget\" data-widget_type=\"image-box.default\">\n\t\t\t\t<div class=\"elementor-widget-container\">\n\t\t\t<div class=\"elementor-image-box-wrapper\"><figure class=\"elementor-image-box-img\"><img decoding=\"async\" width=\"768\" height=\"512\" src=\"https:\/\/palafitocucaolodge.com\/wp-content\/uploads\/2020\/10\/Cafeteria-de-Castro-Chiloe-e1603837018504.jpg\" class=\"attachment-full size-full wp-image-549\" alt=\"\" srcset=\"https:\/\/palafitocucaolodge.com\/wp-content\/uploads\/2020\/10\/Cafeteria-de-Castro-Chiloe-e1603837018504.jpg 768w, https:\/\/palafitocucaolodge.com\/wp-content\/uploads\/2020\/10\/Cafeteria-de-Castro-Chiloe-e1603837018504-600x400.jpg 600w\" sizes=\"(max-width: 768px) 100vw, 768px\" \/><\/figure><div class=\"elementor-image-box-content\"><h2 class=\"elementor-image-box-title\">\u00c1reas Comunes\u200b<\/h2><p class=\"elementor-image-box-description\">- Dispensadores de alcohol-gel disponible en varios puntos del hotel.<br>\n\n<b>Comedor<\/b><br>\n\n- Desayuno en 2 turnos, 8:30 y 9.30 hrs.A.M.<br>\n\n- Mesa individuales para 2 o 3 personas (grupos familiares).<br>\n\n- Mesa principal dividida por barrera de acr\u00edlico con alimentaci\u00f3n individual y porcionada en cada ubicaci\u00f3n.<br>\n\n<b>Cafeter\u00eda<\/b><br>\n\n- Asistentes deben tomarse la temperatura, portar mascarillas y acceder por pediluvio sanitario.<br>\n\n- Mesas y sillones a 1,5 mts. y barreras de separacion de acr\u00edlico si corresponde.<br>\n\n- Desinfecci\u00f3n cada 2 horas de superficies de contacto.<\/p><\/div><\/div>\t\t<\/div>\n\t\t\t\t<\/div>\n\t\t\t\t\t<\/div>\n\t\t<\/div>\n\t\t\t\t<div class=\"elementor-column elementor-col-50 elementor-top-column elementor-element elementor-element-158ca71\" data-id=\"158ca71\" data-element_type=\"column\">\n\t\t\t<div class=\"elementor-widget-wrap elementor-element-populated\">\n\t\t\t\t\t\t<div class=\"elementor-element elementor-element-86767e2 elementor-position-top elementor-widget elementor-widget-image-box\" data-id=\"86767e2\" data-element_type=\"widget\" data-widget_type=\"image-box.default\">\n\t\t\t\t<div class=\"elementor-widget-container\">\n\t\t\t<div class=\"elementor-image-box-wrapper\"><figure class=\"elementor-image-box-img\"><img loading=\"lazy\" decoding=\"async\" width=\"768\" height=\"512\" src=\"https:\/\/palafitocucaolodge.com\/wp-content\/uploads\/2020\/10\/Cafeteria-en-Castro-Chiloe-e1603837040217.jpg\" class=\"attachment-full size-full wp-image-553\" alt=\"\" srcset=\"https:\/\/palafitocucaolodge.com\/wp-content\/uploads\/2020\/10\/Cafeteria-en-Castro-Chiloe-e1603837040217.jpg 768w, https:\/\/palafitocucaolodge.com\/wp-content\/uploads\/2020\/10\/Cafeteria-en-Castro-Chiloe-e1603837040217-600x400.jpg 600w\" sizes=\"(max-width: 768px) 100vw, 768px\" \/><\/figure><div class=\"elementor-image-box-content\"><h2 class=\"elementor-image-box-title\">Nuestros Colaboradores\u200b<\/h2><p class=\"elementor-image-box-description\">- Control de temperatura al ingreso y salida del hotel.<br>\n\n- Declaraci\u00f3n jurada de salud diaria.<br>\n\n- Uso de mascarilla, guantes y elementos de protecci\u00f3n personal en todo el hotel.<br>\n\n- Sanitizaci\u00f3n del espacio de trabajo cada 1 hora y en cada cambio de turno.<br>\n\n- Uso de protectores desechables para el aseo de las habitaciones.<br>\n\n- Capacitaci\u00f3n permanente de protocolos de aseo y sanitizaci\u00f3n.<br>\n\n- Lavado diario de uniformes en el hotel.<\/p><\/div><\/div>\t\t<\/div>\n\t\t\t\t<\/div>\n\t\t\t\t\t<\/div>\n\t\t<\/div>\n\t\t\t\t\t<\/div>\n\t\t<\/section>\n\t\t\t\t<\/div>\n\t\t","protected":false},"excerpt":{"rendered":"<p>Consulte aqu\u00ed los Protocolos para Traslados entre Regiones de Chile Nuestras Habitaciones\u200b &#8211; Estricto protocolo de sanitizaci\u00f3n y limpieza con amonio-cuaternario\u200b. &#8211; Contamos con un equipo profesional port\u00e1til de Tecnolog\u00eda Hospitalaria que desinfecta por radiaci\u00f3n Ultravioleta &#8211; C. Este equipo desinfecta sin contacto el 99,9% de los virus y bacterias y est\u00e1 certificado por la &hellip; <a href=\"https:\/\/palafitocucaolodge.com\/en\/protocolo-covid-19-castro-chiloe\/\" class=\"more-link\">Continue reading<span class=\"screen-reader-text\"> &#8220;Protoloco COVID-19&#8221;<\/span><\/a><\/p>\n","protected":false},"author":54,"featured_media":756,"parent":0,"menu_order":0,"comment_status":"closed","ping_status":"closed","template":"elementor_header_footer","meta":{"_joinchat":[],"footnotes":""},"class_list":["post-1469","page","type-page","status-publish","has-post-thumbnail","hentry"],"yoast_head":"<!-- This site is optimized with the Yoast SEO plugin v23.9 - https:\/\/yoast.com\/wordpress\/plugins\/seo\/ -->\n<title>Protocolo de Seguridad sobre COVID-19 en Palafito Cucao Lodge Chilo\u00e9<\/title>\n<meta name=\"description\" content=\"Conoce nuestro Protocolo de Seguridad sobre COVID-19 en Palafito Cucao Lodge Chilo\u00e9 de Castro, Chilo\u00e9, Chile. Reserva con seguridad.\" \/>\n<meta name=\"robots\" content=\"index, follow, max-snippet:-1, max-image-preview:large, max-video-preview:-1\" \/>\n<link rel=\"canonical\" href=\"https:\/\/palafitocucaolodge.com\/en\/protocolo-covid-19-castro-chiloe\/\" \/>\n<meta property=\"og:locale\" content=\"en_US\" \/>\n<meta property=\"og:type\" content=\"article\" \/>\n<meta property=\"og:title\" content=\"Conoce aqu\u00ed nuestro protocolo de seguridad COVID-19\" \/>\n<meta property=\"og:description\" content=\"Incorporamos medidas de seguridad e higiene para protegernos.\" \/>\n<meta property=\"og:url\" content=\"https:\/\/palafitocucaolodge.com\/en\/protocolo-covid-19-castro-chiloe\/\" \/>\n<meta property=\"og:site_name\" content=\"Palafito Cucao Lodge\" \/>\n<meta property=\"article:modified_time\" content=\"2022-06-15T18:17:29+00:00\" \/>\n<meta property=\"og:image\" content=\"https:\/\/palafitocucaolodge.com\/wp-content\/uploads\/2020\/10\/Palafito-1326-Hotel-Boutique-2.jpg\" \/>\n<meta name=\"twitter:card\" content=\"summary_large_image\" \/>\n<meta name=\"twitter:label1\" content=\"Est. reading time\" \/>\n\t<meta name=\"twitter:data1\" content=\"2 minutes\" \/>\n<script type=\"application\/ld+json\" class=\"yoast-schema-graph\">{\"@context\":\"https:\/\/schema.org\",\"@graph\":[{\"@type\":\"WebPage\",\"@id\":\"https:\/\/palafitocucaolodge.com\/en\/protocolo-covid-19-castro-chiloe\/\",\"url\":\"https:\/\/palafitocucaolodge.com\/en\/protocolo-covid-19-castro-chiloe\/\",\"name\":\"Protocolo de Seguridad sobre COVID-19 en Palafito Cucao Lodge Chilo\u00e9\",\"isPartOf\":{\"@id\":\"https:\/\/palafitocucaolodge.com\/en\/#website\"},\"primaryImageOfPage\":{\"@id\":\"https:\/\/palafitocucaolodge.com\/en\/protocolo-covid-19-castro-chiloe\/#primaryimage\"},\"image\":{\"@id\":\"https:\/\/palafitocucaolodge.com\/en\/protocolo-covid-19-castro-chiloe\/#primaryimage\"},\"thumbnailUrl\":\"https:\/\/palafitocucaolodge.com\/wp-content\/uploads\/2020\/11\/palafito1326-banner1.jpg\",\"datePublished\":\"2020-11-05T04:46:43+00:00\",\"dateModified\":\"2022-06-15T18:17:29+00:00\",\"description\":\"Conoce nuestro Protocolo de Seguridad sobre COVID-19 en Palafito Cucao Lodge Chilo\u00e9 de Castro, Chilo\u00e9, Chile. Reserva con seguridad.\",\"breadcrumb\":{\"@id\":\"https:\/\/palafitocucaolodge.com\/en\/protocolo-covid-19-castro-chiloe\/#breadcrumb\"},\"inLanguage\":\"en-US\",\"potentialAction\":[{\"@type\":\"ReadAction\",\"target\":[\"https:\/\/palafitocucaolodge.com\/en\/protocolo-covid-19-castro-chiloe\/\"]}]},{\"@type\":\"ImageObject\",\"inLanguage\":\"en-US\",\"@id\":\"https:\/\/palafitocucaolodge.com\/en\/protocolo-covid-19-castro-chiloe\/#primaryimage\",\"url\":\"https:\/\/palafitocucaolodge.com\/wp-content\/uploads\/2020\/11\/palafito1326-banner1.jpg\",\"contentUrl\":\"https:\/\/palafitocucaolodge.com\/wp-content\/uploads\/2020\/11\/palafito1326-banner1.jpg\",\"width\":1440,\"height\":250},{\"@type\":\"BreadcrumbList\",\"@id\":\"https:\/\/palafitocucaolodge.com\/en\/protocolo-covid-19-castro-chiloe\/#breadcrumb\",\"itemListElement\":[{\"@type\":\"ListItem\",\"position\":1,\"name\":\"Portada\",\"item\":\"https:\/\/palafitocucaolodge.com\/en\/\"},{\"@type\":\"ListItem\",\"position\":2,\"name\":\"Protoloco COVID-19\"}]},{\"@type\":\"WebSite\",\"@id\":\"https:\/\/palafitocucaolodge.com\/en\/#website\",\"url\":\"https:\/\/palafitocucaolodge.com\/en\/\",\"name\":\"Palafito Cucao Lodge\",\"description\":\"Boutique Hotel\",\"publisher\":{\"@id\":\"https:\/\/palafitocucaolodge.com\/en\/#organization\"},\"potentialAction\":[{\"@type\":\"SearchAction\",\"target\":{\"@type\":\"EntryPoint\",\"urlTemplate\":\"https:\/\/palafitocucaolodge.com\/en\/?s={search_term_string}\"},\"query-input\":{\"@type\":\"PropertyValueSpecification\",\"valueRequired\":true,\"valueName\":\"search_term_string\"}}],\"inLanguage\":\"en-US\"},{\"@type\":\"Organization\",\"@id\":\"https:\/\/palafitocucaolodge.com\/en\/#organization\",\"name\":\"Palafito Cucao Lodge Chilo\u00e9\",\"url\":\"https:\/\/palafitocucaolodge.com\/en\/\",\"logo\":{\"@type\":\"ImageObject\",\"inLanguage\":\"en-US\",\"@id\":\"https:\/\/palafitocucaolodge.com\/en\/#\/schema\/logo\/image\/\",\"url\":\"https:\/\/palafitocucaolodge.com\/wp-content\/uploads\/2022\/07\/Palafito-Cucao-iso.svg\",\"contentUrl\":\"https:\/\/palafitocucaolodge.com\/wp-content\/uploads\/2022\/07\/Palafito-Cucao-iso.svg\",\"width\":224,\"height\":48,\"caption\":\"Palafito Cucao Lodge Chilo\u00e9\"},\"image\":{\"@id\":\"https:\/\/palafitocucaolodge.com\/en\/#\/schema\/logo\/image\/\"}}]}<\/script>\n<!-- \/ Yoast SEO plugin. -->","yoast_head_json":{"title":"Protocolo de Seguridad sobre COVID-19 en Palafito Cucao Lodge Chilo\u00e9","description":"Conoce nuestro Protocolo de Seguridad sobre COVID-19 en Palafito Cucao Lodge Chilo\u00e9 de Castro, Chilo\u00e9, Chile. Reserva con seguridad.","robots":{"index":"index","follow":"follow","max-snippet":"max-snippet:-1","max-image-preview":"max-image-preview:large","max-video-preview":"max-video-preview:-1"},"canonical":"https:\/\/palafitocucaolodge.com\/en\/protocolo-covid-19-castro-chiloe\/","og_locale":"en_US","og_type":"article","og_title":"Conoce aqu\u00ed nuestro protocolo de seguridad COVID-19","og_description":"Incorporamos medidas de seguridad e higiene para protegernos.","og_url":"https:\/\/palafitocucaolodge.com\/en\/protocolo-covid-19-castro-chiloe\/","og_site_name":"Palafito Cucao Lodge","article_modified_time":"2022-06-15T18:17:29+00:00","og_image":[{"url":"https:\/\/palafitocucaolodge.com\/wp-content\/uploads\/2020\/10\/Palafito-1326-Hotel-Boutique-2.jpg"}],"twitter_card":"summary_large_image","twitter_misc":{"Est. reading time":"2 minutes"},"schema":{"@context":"https:\/\/schema.org","@graph":[{"@type":"WebPage","@id":"https:\/\/palafitocucaolodge.com\/en\/protocolo-covid-19-castro-chiloe\/","url":"https:\/\/palafitocucaolodge.com\/en\/protocolo-covid-19-castro-chiloe\/","name":"Protocolo de Seguridad sobre COVID-19 en Palafito Cucao Lodge Chilo\u00e9","isPartOf":{"@id":"https:\/\/palafitocucaolodge.com\/en\/#website"},"primaryImageOfPage":{"@id":"https:\/\/palafitocucaolodge.com\/en\/protocolo-covid-19-castro-chiloe\/#primaryimage"},"image":{"@id":"https:\/\/palafitocucaolodge.com\/en\/protocolo-covid-19-castro-chiloe\/#primaryimage"},"thumbnailUrl":"https:\/\/palafitocucaolodge.com\/wp-content\/uploads\/2020\/11\/palafito1326-banner1.jpg","datePublished":"2020-11-05T04:46:43+00:00","dateModified":"2022-06-15T18:17:29+00:00","description":"Conoce nuestro Protocolo de Seguridad sobre COVID-19 en Palafito Cucao Lodge Chilo\u00e9 de Castro, Chilo\u00e9, Chile. Reserva con seguridad.","breadcrumb":{"@id":"https:\/\/palafitocucaolodge.com\/en\/protocolo-covid-19-castro-chiloe\/#breadcrumb"},"inLanguage":"en-US","potentialAction":[{"@type":"ReadAction","target":["https:\/\/palafitocucaolodge.com\/en\/protocolo-covid-19-castro-chiloe\/"]}]},{"@type":"ImageObject","inLanguage":"en-US","@id":"https:\/\/palafitocucaolodge.com\/en\/protocolo-covid-19-castro-chiloe\/#primaryimage","url":"https:\/\/palafitocucaolodge.com\/wp-content\/uploads\/2020\/11\/palafito1326-banner1.jpg","contentUrl":"https:\/\/palafitocucaolodge.com\/wp-content\/uploads\/2020\/11\/palafito1326-banner1.jpg","width":1440,"height":250},{"@type":"BreadcrumbList","@id":"https:\/\/palafitocucaolodge.com\/en\/protocolo-covid-19-castro-chiloe\/#breadcrumb","itemListElement":[{"@type":"ListItem","position":1,"name":"Portada","item":"https:\/\/palafitocucaolodge.com\/en\/"},{"@type":"ListItem","position":2,"name":"Protoloco COVID-19"}]},{"@type":"WebSite","@id":"https:\/\/palafitocucaolodge.com\/en\/#website","url":"https:\/\/palafitocucaolodge.com\/en\/","name":"Palafito Cucao Lodge","description":"Boutique Hotel","publisher":{"@id":"https:\/\/palafitocucaolodge.com\/en\/#organization"},"potentialAction":[{"@type":"SearchAction","target":{"@type":"EntryPoint","urlTemplate":"https:\/\/palafitocucaolodge.com\/en\/?s={search_term_string}"},"query-input":{"@type":"PropertyValueSpecification","valueRequired":true,"valueName":"search_term_string"}}],"inLanguage":"en-US"},{"@type":"Organization","@id":"https:\/\/palafitocucaolodge.com\/en\/#organization","name":"Palafito Cucao Lodge Chilo\u00e9","url":"https:\/\/palafitocucaolodge.com\/en\/","logo":{"@type":"ImageObject","inLanguage":"en-US","@id":"https:\/\/palafitocucaolodge.com\/en\/#\/schema\/logo\/image\/","url":"https:\/\/palafitocucaolodge.com\/wp-content\/uploads\/2022\/07\/Palafito-Cucao-iso.svg","contentUrl":"https:\/\/palafitocucaolodge.com\/wp-content\/uploads\/2022\/07\/Palafito-Cucao-iso.svg","width":224,"height":48,"caption":"Palafito Cucao Lodge Chilo\u00e9"},"image":{"@id":"https:\/\/palafitocucaolodge.com\/en\/#\/schema\/logo\/image\/"}}]}},"_links":{"self":[{"href":"https:\/\/palafitocucaolodge.com\/en\/wp-json\/wp\/v2\/pages\/1469","targetHints":{"allow":["GET"]}}],"collection":[{"href":"https:\/\/palafitocucaolodge.com\/en\/wp-json\/wp\/v2\/pages"}],"about":[{"href":"https:\/\/palafitocucaolodge.com\/en\/wp-json\/wp\/v2\/types\/page"}],"author":[{"embeddable":true,"href":"https:\/\/palafitocucaolodge.com\/en\/wp-json\/wp\/v2\/users\/54"}],"replies":[{"embeddable":true,"href":"https:\/\/palafitocucaolodge.com\/en\/wp-json\/wp\/v2\/comments?post=1469"}],"version-history":[{"count":35,"href":"https:\/\/palafitocucaolodge.com\/en\/wp-json\/wp\/v2\/pages\/1469\/revisions"}],"predecessor-version":[{"id":159344,"href":"https:\/\/palafitocucaolodge.com\/en\/wp-json\/wp\/v2\/pages\/1469\/revisions\/159344"}],"wp:featuredmedia":[{"embeddable":true,"href":"https:\/\/palafitocucaolodge.com\/en\/wp-json\/wp\/v2\/media\/756"}],"wp:attachment":[{"href":"https:\/\/palafitocucaolodge.com\/en\/wp-json\/wp\/v2\/media?parent=1469"}],"curies":[{"name":"wp","href":"https:\/\/api.w.org\/{rel}","templated":true}]}}