{"id":165354,"date":"2023-10-13T19:06:43","date_gmt":"2023-10-13T22:06:43","guid":{"rendered":"https:\/\/palafitocucaolodge.com\/actividades\/"},"modified":"2024-09-07T15:35:55","modified_gmt":"2024-09-07T19:35:55","slug":"actividades","status":"publish","type":"page","link":"https:\/\/palafitocucaolodge.com\/en\/actividades\/","title":{"rendered":"Activities"},"content":{"rendered":"\t\t<div data-elementor-type=\"wp-page\" data-elementor-id=\"165354\" class=\"elementor elementor-165354 elementor-165237\">\n\t\t\t\t\t\t<section class=\"elementor-section elementor-top-section elementor-element elementor-element-e972ec1 elementor-section-boxed elementor-section-height-default elementor-section-height-default\" data-id=\"e972ec1\" data-element_type=\"section\">\n\t\t\t\t\t\t<div class=\"elementor-container elementor-column-gap-default\">\n\t\t\t\t\t<div class=\"elementor-column elementor-col-100 elementor-top-column elementor-element elementor-element-f714921\" data-id=\"f714921\" data-element_type=\"column\">\n\t\t\t<div class=\"elementor-widget-wrap elementor-element-populated\">\n\t\t\t\t\t\t<div class=\"elementor-element elementor-element-cc93d70 elementor-widget elementor-widget-menu-anchor\" data-id=\"cc93d70\" data-element_type=\"widget\" data-widget_type=\"menu-anchor.default\">\n\t\t\t\t<div class=\"elementor-widget-container\">\n\t\t\t\t\t<div class=\"elementor-menu-anchor\" id=\"cabalgatas\"><\/div>\n\t\t\t\t<\/div>\n\t\t\t\t<\/div>\n\t\t\t\t<div class=\"elementor-element elementor-element-2461a25 elementor-widget elementor-widget-text-editor\" data-id=\"2461a25\" data-element_type=\"widget\" data-widget_type=\"text-editor.default\">\n\t\t\t\t<div class=\"elementor-widget-container\">\n\t\t\t\t\t\t\t<h1><span lang=\"es-CL\">Cabalgatas Dunas de Cucao &#8211; Parque Nacional Chilo\u00e9<\/span><\/h1>\n<p><span style=\"font-size: medium;\"><span lang=\"es-CL\">The main objective of this trip is to experience a unique and immersive exploration of the charming town of Cucao. Following a brief instructional session, we will embark on an exhilarating horseback ride through the scenic sand dunes along the beach. This unforgettable journey will allow us to marvel at the region&#8217;s distinctive vegetation and witness various productive activities taking place in the area.<\/span><\/span><\/p>\n<p><img fetchpriority=\"high\" decoding=\"async\" src=\"https:\/\/palafitocucaolodge.com\/wp-content\/uploads\/2023\/10\/cabalgata4.jpg\" alt=\"Cabalgatas en Dunas de Cucao - Palafito Cucao Chilo\u00e9 Chile\" width=\"1400\" height=\"933\"><\/p>\n<p><strong>Duration:<\/strong> Approximately 1.5 hours, with the option to extend to 3 hours.<\/p>\n<p><strong>Difficulty Level:<\/strong> Easy to Moderate.<\/p>\n<p><strong>Required Equipment:<\/strong> Suitable footwear, sun protection (hat, sunscreen), and water.<\/p>\n<p><strong>Prices:<\/strong> CLP 35,000 per person for a 1.5-hour session (Minimum 2 people).<\/p>\n<p>CLP 50,000 per person for a 3-hour session (Minimum 2 people).<\/p>\n<p><img decoding=\"async\" src=\"https:\/\/palafitocucaolodge.com\/wp-content\/uploads\/2023\/10\/cabalgata9.jpg\" alt=\"Cabalgatas en Dunas de Cucao - Palafito Cucao Chilo\u00e9 Chile\" width=\"1400\" height=\"933\"><\/p>\n<p class=\"sc-a6dfc828-0 gWUOpM\" data-testid=\"youchat-text\"><strong>Itinerary<\/strong><\/p>\n<p class=\"sc-a6dfc828-0 gWUOpM\" data-testid=\"youchat-text\">The itinerary includes the following:<\/p>\n<ol>\n<li>\n<p class=\"sc-a6dfc828-0 gWUOpM\" data-testid=\"youchat-text\"><strong>Guide Presentation:<\/strong> The guide will meet you at the Palafito Cucao Lodge Office in Cucao and provide a brief instruction.<\/p>\n<\/li>\n<li>\n<p class=\"sc-a6dfc828-0 gWUOpM\" data-testid=\"youchat-text\"><strong>Horseback Ride through the Cucao Dunes:<\/strong> Experience an exciting horseback ride adventure as you explore the beautiful Cucao Dunes.<\/p>\n<\/li>\n<\/ol>\n<p><img decoding=\"async\" src=\"https:\/\/palafitocucaolodge.com\/wp-content\/uploads\/2023\/10\/cabalgata2.jpg\" alt=\"Cabalgatas en Dunas de Cucao - Palafito Cucao Chilo\u00e9 Chile\" width=\"1400\" height=\"933\"><\/p>\n<p class=\"sc-a6dfc828-0 gWUOpM\" data-testid=\"youchat-text\"><strong>This package includes:<\/strong><\/p>\n<ul>\n<li><strong>Horse:<\/strong> A well-trained and reliable horse will be provided for your ride.<\/li>\n<li><strong>Comfortable Saddles:<\/strong> Enjoy a comfortable journey with specially designed saddles.<\/li>\n<li><strong>Leg Protection:<\/strong> Ensure your safety and comfort with leg protection equipment.<\/li>\n<li><strong>Water Blanket:<\/strong> Stay hydrated with a complimentary water blanket.<\/li>\n<li><strong>First Aid Kit:<\/strong> For your peace of mind, a first aid kit will be available.<\/li>\n<li><strong>Qualified Guide:<\/strong> Benefit from the expertise and guidance of a qualified guide throughout the experience.<\/li>\n<\/ul>\t\t\t\t\t\t<\/div>\n\t\t\t\t<\/div>\n\t\t\t\t<div class=\"elementor-element elementor-element-d6616fc elementor-widget elementor-widget-text-editor\" data-id=\"d6616fc\" data-element_type=\"widget\" data-widget_type=\"text-editor.default\">\n\t\t\t\t<div class=\"elementor-widget-container\">\n\t\t\t\t\t\t\t<p>Si est\u00e1s interesado en esta activadad, cont\u00e1ctanos para reservar <a href=\"https:\/\/palafitocucaolodge.com\/contacto\/\"><strong>Cabalgatas por Dunas de Cucao<\/strong><\/a> en Chilo\u00e9.<\/p>\t\t\t\t\t\t<\/div>\n\t\t\t\t<\/div>\n\t\t\t\t<div class=\"elementor-element elementor-element-06866c5 elementor-widget elementor-widget-button\" data-id=\"06866c5\" data-element_type=\"widget\" data-widget_type=\"button.default\">\n\t\t\t\t<div class=\"elementor-widget-container\">\n\t\t\t\t\t\t\t<div class=\"elementor-button-wrapper\">\n\t\t\t\t\t<a class=\"elementor-button elementor-button-link elementor-size-sm\" href=\"https:\/\/palafitocucaolodge.com\/contacto\/\">\n\t\t\t\t\t\t<span class=\"elementor-button-content-wrapper\">\n\t\t\t\t\t\t\t\t\t<span class=\"elementor-button-text\">Consultar ahora<\/span>\n\t\t\t\t\t<\/span>\n\t\t\t\t\t<\/a>\n\t\t\t\t<\/div>\n\t\t\t\t\t\t<\/div>\n\t\t\t\t<\/div>\n\t\t\t\t\t<\/div>\n\t\t<\/div>\n\t\t\t\t\t<\/div>\n\t\t<\/section>\n\t\t\t\t<section class=\"elementor-section elementor-top-section elementor-element elementor-element-32ec128 elementor-section-boxed elementor-section-height-default elementor-section-height-default\" data-id=\"32ec128\" data-element_type=\"section\">\n\t\t\t\t\t\t<div class=\"elementor-container elementor-column-gap-default\">\n\t\t\t\t\t<div class=\"elementor-column elementor-col-100 elementor-top-column elementor-element elementor-element-e3735ee\" data-id=\"e3735ee\" data-element_type=\"column\">\n\t\t\t<div class=\"elementor-widget-wrap elementor-element-populated\">\n\t\t\t\t\t\t<div class=\"elementor-element elementor-element-9869fd9 elementor-widget elementor-widget-menu-anchor\" data-id=\"9869fd9\" data-element_type=\"widget\" data-widget_type=\"menu-anchor.default\">\n\t\t\t\t<div class=\"elementor-widget-container\">\n\t\t\t\t\t<div class=\"elementor-menu-anchor\" id=\"kayak\"><\/div>\n\t\t\t\t<\/div>\n\t\t\t\t<\/div>\n\t\t\t\t<div class=\"elementor-element elementor-element-9ce14c4 elementor-widget elementor-widget-text-editor\" data-id=\"9ce14c4\" data-element_type=\"widget\" data-widget_type=\"text-editor.default\">\n\t\t\t\t<div class=\"elementor-widget-container\">\n\t\t\t\t\t\t\t<h1><span lang=\"es-CL\">Kayak Guiado por Lago Cucao- Chilo\u00e9<br \/><\/span><\/h1><p><span style=\"font-size: medium;\"><span lang=\"es-CL\">Cuando el naturalista ingl\u00e9s\u00a0<\/span><\/span><span style=\"font-size: medium;\"><span lang=\"es-CL\"><b>Charles Darwin<\/b><\/span><\/span><span style=\"font-size: medium;\"><span lang=\"es-CL\">\u00a0visit\u00f3 el pueblo de Cucao en 1835, lo hizo en un peque\u00f1o bote (bongo), atravesando el lago Cucao en todo su largo. Hoy en d\u00eda el\u00a0<\/span><\/span><span style=\"font-size: medium;\"><span lang=\"es-CL\"><b>kayak<\/b><\/span><\/span><span style=\"font-size: medium;\"><span lang=\"es-CL\">\u00a0se ha convertido en una de las actividades outdoor, mas placenteras. El objetivo de esta actividad es navegar tras la huella de Darwin en lago cucao, y poder conocer c\u00f3mo se trasportaban los habitantes de este sector antes de tener los caminos y puentes de acceso. En el trayecto tendremos panor\u00e1micas de cerros y lomas, bosque nativo y enormes nalcas, esta ser\u00e1 una aventura que no olvidar\u00e1n.<\/span><\/span><\/p><p><img loading=\"lazy\" decoding=\"async\" class=\"alignnone wp-image-165262 size-full\" src=\"https:\/\/palafitocucaolodge.com\/wp-content\/uploads\/2023\/10\/kayak3.jpg\" alt=\"Kayak Guiado en la Isla de Chilo\u00e9 - Parque Nacional Chilo\u00e9 - Palafito Cucao - Patagonia Chile\" width=\"1400\" height=\"933\" srcset=\"https:\/\/palafitocucaolodge.com\/wp-content\/uploads\/2023\/10\/kayak3.jpg 1400w, https:\/\/palafitocucaolodge.com\/wp-content\/uploads\/2023\/10\/kayak3-300x200.jpg 300w, https:\/\/palafitocucaolodge.com\/wp-content\/uploads\/2023\/10\/kayak3-1024x682.jpg 1024w, https:\/\/palafitocucaolodge.com\/wp-content\/uploads\/2023\/10\/kayak3-768x512.jpg 768w, https:\/\/palafitocucaolodge.com\/wp-content\/uploads\/2023\/10\/kayak3-840x560.jpg 840w, https:\/\/palafitocucaolodge.com\/wp-content\/uploads\/2023\/10\/kayak3-600x400.jpg 600w, https:\/\/palafitocucaolodge.com\/wp-content\/uploads\/2023\/10\/kayak3-135x90.jpg 135w\" sizes=\"(max-width: 1400px) 100vw, 1400px\" \/><\/p><p><span style=\"font-size: medium;\"><span lang=\"es-CL\"><b>Duraci\u00f3n:<\/b><\/span><\/span><span style=\"font-size: medium;\"><span lang=\"es-CL\">\u00a01 horas aprox. <\/span><\/span><span style=\"font-size: medium;\"><span lang=\"es-CL\"><b>Grado de dificultad:<\/b><\/span><\/span><span style=\"font-size: medium;\"><span lang=\"es-CL\">\u00a0Bajo-Medio.<\/span><\/span><\/p><p><span style=\"font-size: medium;\"><span lang=\"es-CL\"><b>Equipo necesario:<\/b><\/span><\/span><span style=\"font-size: medium;\"><span lang=\"es-CL\">\u00a0Ropa de cambio, protecci\u00f3n solar (sombrero, bloqueador solar), agua.<\/span><\/span><\/p><p><span style=\"font-size: medium;\"><span lang=\"es-CL\"><b>Salida desde Cucao:<\/b><\/span><\/span><span style=\"font-size: medium;\"><span lang=\"es-CL\">\u00a0$ 20.000 (*) por persona <\/span><\/span><\/p><p><span style=\"font-size: medium;\"><span lang=\"es-CL\"><img loading=\"lazy\" decoding=\"async\" class=\"alignnone wp-image-165258 size-full\" src=\"https:\/\/palafitocucaolodge.com\/wp-content\/uploads\/2023\/10\/kayak1.jpg\" alt=\"Kayak Guiado en la Isla de Chilo\u00e9 - Parque Nacional Chilo\u00e9 - Palafito Cucao - Patagonia Chile\" width=\"1400\" height=\"933\" srcset=\"https:\/\/palafitocucaolodge.com\/wp-content\/uploads\/2023\/10\/kayak1.jpg 1400w, https:\/\/palafitocucaolodge.com\/wp-content\/uploads\/2023\/10\/kayak1-300x200.jpg 300w, https:\/\/palafitocucaolodge.com\/wp-content\/uploads\/2023\/10\/kayak1-1024x682.jpg 1024w, https:\/\/palafitocucaolodge.com\/wp-content\/uploads\/2023\/10\/kayak1-768x512.jpg 768w, https:\/\/palafitocucaolodge.com\/wp-content\/uploads\/2023\/10\/kayak1-840x560.jpg 840w, https:\/\/palafitocucaolodge.com\/wp-content\/uploads\/2023\/10\/kayak1-600x400.jpg 600w, https:\/\/palafitocucaolodge.com\/wp-content\/uploads\/2023\/10\/kayak1-135x90.jpg 135w\" sizes=\"(max-width: 1400px) 100vw, 1400px\" \/><\/span><\/span><\/p><p><strong><span lang=\"es-CL\">Itinerario<\/span><\/strong><\/p><ul><li><p><span style=\"font-size: medium;\"><span lang=\"es-CL\">Presentaci\u00f3n del gu\u00eda en Oficina de Palafito Trip en Cucao y peque\u00f1a instrucci\u00f3n<\/span><\/span><\/p><\/li><li><p><span style=\"font-size: medium;\"><span lang=\"es-CL\">Salida a navegaci\u00f3n<\/span><\/span><\/p><\/li><\/ul><h1><span style=\"font-size: medium;\"><span lang=\"es-CL\"><img loading=\"lazy\" decoding=\"async\" class=\"alignnone wp-image-165253 size-full\" src=\"https:\/\/palafitocucaolodge.com\/wp-content\/uploads\/2023\/10\/kayak4.jpg\" alt=\"Kayak Guiado en la Isla de Chilo\u00e9 - Parque Nacional Chilo\u00e9 - Palafito Cucao - Patagonia Chile\" width=\"1400\" height=\"933\" srcset=\"https:\/\/palafitocucaolodge.com\/wp-content\/uploads\/2023\/10\/kayak4.jpg 1400w, https:\/\/palafitocucaolodge.com\/wp-content\/uploads\/2023\/10\/kayak4-300x200.jpg 300w, https:\/\/palafitocucaolodge.com\/wp-content\/uploads\/2023\/10\/kayak4-1024x682.jpg 1024w, https:\/\/palafitocucaolodge.com\/wp-content\/uploads\/2023\/10\/kayak4-768x512.jpg 768w, https:\/\/palafitocucaolodge.com\/wp-content\/uploads\/2023\/10\/kayak4-840x560.jpg 840w, https:\/\/palafitocucaolodge.com\/wp-content\/uploads\/2023\/10\/kayak4-600x400.jpg 600w, https:\/\/palafitocucaolodge.com\/wp-content\/uploads\/2023\/10\/kayak4-135x90.jpg 135w\" sizes=\"(max-width: 1400px) 100vw, 1400px\" \/><\/span><\/span><\/h1><p><strong><span style=\"font-size: medium;\">Incluye<\/span><\/strong><\/p><ul><li><span style=\"font-size: medium;\"><span lang=\"es-CL\">Kayak, sit on top intermedio apto a todo p\u00fablico con condiciones f\u00edsicas acordes con la actividad, f\u00e1cil navegaci\u00f3n.<\/span><\/span><\/li><li><span style=\"font-size: medium;\">Chaleco salvavidas<\/span><\/li><li><span style=\"font-size: medium;\">Botiqu\u00edn de primeros <\/span><span style=\"font-size: medium;\"><span lang=\"es-CL\">auxilios<\/span><\/span><\/li><li><span style=\"font-size: medium;\">Gu\u00eda calificado<\/span><\/li><\/ul>\t\t\t\t\t\t<\/div>\n\t\t\t\t<\/div>\n\t\t\t\t<div class=\"elementor-element elementor-element-2212f43 elementor-widget elementor-widget-text-editor\" data-id=\"2212f43\" data-element_type=\"widget\" data-widget_type=\"text-editor.default\">\n\t\t\t\t<div class=\"elementor-widget-container\">\n\t\t\t\t\t\t\t<p>Si est\u00e1s interesado en esta activadad, cont\u00e1ctanos para reservar tu <a href=\"https:\/\/palafitocucaolodge.com\/contacto\/\"><strong>Kayak Guiado por el Lago Cucao<\/strong><\/a> en Chilo\u00e9.<\/p>\t\t\t\t\t\t<\/div>\n\t\t\t\t<\/div>\n\t\t\t\t<div class=\"elementor-element elementor-element-cc7cd19 elementor-widget elementor-widget-button\" data-id=\"cc7cd19\" data-element_type=\"widget\" data-widget_type=\"button.default\">\n\t\t\t\t<div class=\"elementor-widget-container\">\n\t\t\t\t\t\t\t<div class=\"elementor-button-wrapper\">\n\t\t\t\t\t<a class=\"elementor-button elementor-button-link elementor-size-sm\" href=\"https:\/\/palafitocucaolodge.com\/contacto\/\">\n\t\t\t\t\t\t<span class=\"elementor-button-content-wrapper\">\n\t\t\t\t\t\t\t\t\t<span class=\"elementor-button-text\">Consultar ahora<\/span>\n\t\t\t\t\t<\/span>\n\t\t\t\t\t<\/a>\n\t\t\t\t<\/div>\n\t\t\t\t\t\t<\/div>\n\t\t\t\t<\/div>\n\t\t\t\t\t<\/div>\n\t\t<\/div>\n\t\t\t\t\t<\/div>\n\t\t<\/section>\n\t\t\t\t<\/div>\n\t\t","protected":false},"excerpt":{"rendered":"<p>Cabalgatas Dunas de Cucao &#8211; Parque Nacional Chilo\u00e9 The main objective of this trip is to experience a unique and immersive exploration of the charming town of Cucao. Following a brief instructional session, we will embark on an exhilarating horseback ride through the scenic sand dunes along the beach. This unforgettable journey will allow us &hellip; <a href=\"https:\/\/palafitocucaolodge.com\/en\/actividades\/\" class=\"more-link\">Continue reading<span class=\"screen-reader-text\"> &#8220;Activities&#8221;<\/span><\/a><\/p>\n","protected":false},"author":54,"featured_media":0,"parent":0,"menu_order":0,"comment_status":"closed","ping_status":"closed","template":"","meta":{"_joinchat":[],"footnotes":""},"class_list":["post-165354","page","type-page","status-publish","hentry"],"yoast_head":"<!-- This site is optimized with the Yoast SEO plugin v23.9 - https:\/\/yoast.com\/wordpress\/plugins\/seo\/ -->\n<title>Discover the Magic of Chiloe Island: Kayak &amp; Horseback Activities<\/title>\n<meta name=\"description\" content=\"Embark on an unforgettable adventure on Chilo\u00e9 Island with Palafito Cucao Lodge. Explore the pristine waters by kayak and traverse picturesque landscapes on horseback. Book your extraordinary experience today!\" \/>\n<meta name=\"robots\" content=\"index, follow, max-snippet:-1, max-image-preview:large, max-video-preview:-1\" \/>\n<link rel=\"canonical\" href=\"https:\/\/palafitocucaolodge.com\/en\/actividades\/\" \/>\n<meta property=\"og:locale\" content=\"en_US\" \/>\n<meta property=\"og:type\" content=\"article\" \/>\n<meta property=\"og:title\" content=\"Discover the Magic of Chiloe Island: Kayak &amp; Horseback Activities\" \/>\n<meta property=\"og:description\" content=\"Embark on an unforgettable adventure on Chilo\u00e9 Island with Palafito Cucao Lodge. Explore the pristine waters by kayak and traverse picturesque landscapes on horseback. Book your extraordinary experience today!\" \/>\n<meta property=\"og:url\" content=\"https:\/\/palafitocucaolodge.com\/en\/actividades\/\" \/>\n<meta property=\"og:site_name\" content=\"Palafito Cucao Lodge\" \/>\n<meta property=\"article:modified_time\" content=\"2024-09-07T19:35:55+00:00\" \/>\n<meta property=\"og:image\" content=\"https:\/\/palafitocucaolodge.com\/wp-content\/uploads\/2023\/10\/cabalgata4.jpg\" \/>\n<meta name=\"twitter:card\" content=\"summary_large_image\" \/>\n<meta name=\"twitter:label1\" content=\"Est. reading time\" \/>\n\t<meta name=\"twitter:data1\" content=\"4 minutes\" \/>\n<script type=\"application\/ld+json\" class=\"yoast-schema-graph\">{\"@context\":\"https:\/\/schema.org\",\"@graph\":[{\"@type\":\"WebPage\",\"@id\":\"https:\/\/palafitocucaolodge.com\/en\/actividades\/\",\"url\":\"https:\/\/palafitocucaolodge.com\/en\/actividades\/\",\"name\":\"Discover the Magic of Chiloe Island: Kayak & Horseback Activities\",\"isPartOf\":{\"@id\":\"https:\/\/palafitocucaolodge.com\/en\/#website\"},\"primaryImageOfPage\":{\"@id\":\"https:\/\/palafitocucaolodge.com\/en\/actividades\/#primaryimage\"},\"image\":{\"@id\":\"https:\/\/palafitocucaolodge.com\/en\/actividades\/#primaryimage\"},\"thumbnailUrl\":\"https:\/\/palafitocucaolodge.com\/wp-content\/uploads\/2023\/10\/cabalgata4.jpg\",\"datePublished\":\"2023-10-13T22:06:43+00:00\",\"dateModified\":\"2024-09-07T19:35:55+00:00\",\"description\":\"Embark on an unforgettable adventure on Chilo\u00e9 Island with Palafito Cucao Lodge. Explore the pristine waters by kayak and traverse picturesque landscapes on horseback. Book your extraordinary experience today!\",\"breadcrumb\":{\"@id\":\"https:\/\/palafitocucaolodge.com\/en\/actividades\/#breadcrumb\"},\"inLanguage\":\"en-US\",\"potentialAction\":[{\"@type\":\"ReadAction\",\"target\":[\"https:\/\/palafitocucaolodge.com\/en\/actividades\/\"]}]},{\"@type\":\"ImageObject\",\"inLanguage\":\"en-US\",\"@id\":\"https:\/\/palafitocucaolodge.com\/en\/actividades\/#primaryimage\",\"url\":\"https:\/\/palafitocucaolodge.com\/wp-content\/uploads\/2023\/10\/cabalgata4.jpg\",\"contentUrl\":\"https:\/\/palafitocucaolodge.com\/wp-content\/uploads\/2023\/10\/cabalgata4.jpg\"},{\"@type\":\"BreadcrumbList\",\"@id\":\"https:\/\/palafitocucaolodge.com\/en\/actividades\/#breadcrumb\",\"itemListElement\":[{\"@type\":\"ListItem\",\"position\":1,\"name\":\"Portada\",\"item\":\"https:\/\/palafitocucaolodge.com\/en\/\"},{\"@type\":\"ListItem\",\"position\":2,\"name\":\"Activities\"}]},{\"@type\":\"WebSite\",\"@id\":\"https:\/\/palafitocucaolodge.com\/en\/#website\",\"url\":\"https:\/\/palafitocucaolodge.com\/en\/\",\"name\":\"Palafito Cucao Lodge\",\"description\":\"Boutique Hotel\",\"publisher\":{\"@id\":\"https:\/\/palafitocucaolodge.com\/en\/#organization\"},\"potentialAction\":[{\"@type\":\"SearchAction\",\"target\":{\"@type\":\"EntryPoint\",\"urlTemplate\":\"https:\/\/palafitocucaolodge.com\/en\/?s={search_term_string}\"},\"query-input\":{\"@type\":\"PropertyValueSpecification\",\"valueRequired\":true,\"valueName\":\"search_term_string\"}}],\"inLanguage\":\"en-US\"},{\"@type\":\"Organization\",\"@id\":\"https:\/\/palafitocucaolodge.com\/en\/#organization\",\"name\":\"Palafito Cucao Lodge Chilo\u00e9\",\"url\":\"https:\/\/palafitocucaolodge.com\/en\/\",\"logo\":{\"@type\":\"ImageObject\",\"inLanguage\":\"en-US\",\"@id\":\"https:\/\/palafitocucaolodge.com\/en\/#\/schema\/logo\/image\/\",\"url\":\"https:\/\/palafitocucaolodge.com\/wp-content\/uploads\/2022\/07\/Palafito-Cucao-iso.svg\",\"contentUrl\":\"https:\/\/palafitocucaolodge.com\/wp-content\/uploads\/2022\/07\/Palafito-Cucao-iso.svg\",\"width\":224,\"height\":48,\"caption\":\"Palafito Cucao Lodge Chilo\u00e9\"},\"image\":{\"@id\":\"https:\/\/palafitocucaolodge.com\/en\/#\/schema\/logo\/image\/\"}}]}<\/script>\n<!-- \/ Yoast SEO plugin. -->","yoast_head_json":{"title":"Discover the Magic of Chiloe Island: Kayak & Horseback Activities","description":"Embark on an unforgettable adventure on Chilo\u00e9 Island with Palafito Cucao Lodge. Explore the pristine waters by kayak and traverse picturesque landscapes on horseback. Book your extraordinary experience today!","robots":{"index":"index","follow":"follow","max-snippet":"max-snippet:-1","max-image-preview":"max-image-preview:large","max-video-preview":"max-video-preview:-1"},"canonical":"https:\/\/palafitocucaolodge.com\/en\/actividades\/","og_locale":"en_US","og_type":"article","og_title":"Discover the Magic of Chiloe Island: Kayak & Horseback Activities","og_description":"Embark on an unforgettable adventure on Chilo\u00e9 Island with Palafito Cucao Lodge. Explore the pristine waters by kayak and traverse picturesque landscapes on horseback. Book your extraordinary experience today!","og_url":"https:\/\/palafitocucaolodge.com\/en\/actividades\/","og_site_name":"Palafito Cucao Lodge","article_modified_time":"2024-09-07T19:35:55+00:00","og_image":[{"url":"https:\/\/palafitocucaolodge.com\/wp-content\/uploads\/2023\/10\/cabalgata4.jpg"}],"twitter_card":"summary_large_image","twitter_misc":{"Est. reading time":"4 minutes"},"schema":{"@context":"https:\/\/schema.org","@graph":[{"@type":"WebPage","@id":"https:\/\/palafitocucaolodge.com\/en\/actividades\/","url":"https:\/\/palafitocucaolodge.com\/en\/actividades\/","name":"Discover the Magic of Chiloe Island: Kayak & Horseback Activities","isPartOf":{"@id":"https:\/\/palafitocucaolodge.com\/en\/#website"},"primaryImageOfPage":{"@id":"https:\/\/palafitocucaolodge.com\/en\/actividades\/#primaryimage"},"image":{"@id":"https:\/\/palafitocucaolodge.com\/en\/actividades\/#primaryimage"},"thumbnailUrl":"https:\/\/palafitocucaolodge.com\/wp-content\/uploads\/2023\/10\/cabalgata4.jpg","datePublished":"2023-10-13T22:06:43+00:00","dateModified":"2024-09-07T19:35:55+00:00","description":"Embark on an unforgettable adventure on Chilo\u00e9 Island with Palafito Cucao Lodge. Explore the pristine waters by kayak and traverse picturesque landscapes on horseback. Book your extraordinary experience today!","breadcrumb":{"@id":"https:\/\/palafitocucaolodge.com\/en\/actividades\/#breadcrumb"},"inLanguage":"en-US","potentialAction":[{"@type":"ReadAction","target":["https:\/\/palafitocucaolodge.com\/en\/actividades\/"]}]},{"@type":"ImageObject","inLanguage":"en-US","@id":"https:\/\/palafitocucaolodge.com\/en\/actividades\/#primaryimage","url":"https:\/\/palafitocucaolodge.com\/wp-content\/uploads\/2023\/10\/cabalgata4.jpg","contentUrl":"https:\/\/palafitocucaolodge.com\/wp-content\/uploads\/2023\/10\/cabalgata4.jpg"},{"@type":"BreadcrumbList","@id":"https:\/\/palafitocucaolodge.com\/en\/actividades\/#breadcrumb","itemListElement":[{"@type":"ListItem","position":1,"name":"Portada","item":"https:\/\/palafitocucaolodge.com\/en\/"},{"@type":"ListItem","position":2,"name":"Activities"}]},{"@type":"WebSite","@id":"https:\/\/palafitocucaolodge.com\/en\/#website","url":"https:\/\/palafitocucaolodge.com\/en\/","name":"Palafito Cucao Lodge","description":"Boutique Hotel","publisher":{"@id":"https:\/\/palafitocucaolodge.com\/en\/#organization"},"potentialAction":[{"@type":"SearchAction","target":{"@type":"EntryPoint","urlTemplate":"https:\/\/palafitocucaolodge.com\/en\/?s={search_term_string}"},"query-input":{"@type":"PropertyValueSpecification","valueRequired":true,"valueName":"search_term_string"}}],"inLanguage":"en-US"},{"@type":"Organization","@id":"https:\/\/palafitocucaolodge.com\/en\/#organization","name":"Palafito Cucao Lodge Chilo\u00e9","url":"https:\/\/palafitocucaolodge.com\/en\/","logo":{"@type":"ImageObject","inLanguage":"en-US","@id":"https:\/\/palafitocucaolodge.com\/en\/#\/schema\/logo\/image\/","url":"https:\/\/palafitocucaolodge.com\/wp-content\/uploads\/2022\/07\/Palafito-Cucao-iso.svg","contentUrl":"https:\/\/palafitocucaolodge.com\/wp-content\/uploads\/2022\/07\/Palafito-Cucao-iso.svg","width":224,"height":48,"caption":"Palafito Cucao Lodge Chilo\u00e9"},"image":{"@id":"https:\/\/palafitocucaolodge.com\/en\/#\/schema\/logo\/image\/"}}]}},"_links":{"self":[{"href":"https:\/\/palafitocucaolodge.com\/en\/wp-json\/wp\/v2\/pages\/165354","targetHints":{"allow":["GET"]}}],"collection":[{"href":"https:\/\/palafitocucaolodge.com\/en\/wp-json\/wp\/v2\/pages"}],"about":[{"href":"https:\/\/palafitocucaolodge.com\/en\/wp-json\/wp\/v2\/types\/page"}],"author":[{"embeddable":true,"href":"https:\/\/palafitocucaolodge.com\/en\/wp-json\/wp\/v2\/users\/54"}],"replies":[{"embeddable":true,"href":"https:\/\/palafitocucaolodge.com\/en\/wp-json\/wp\/v2\/comments?post=165354"}],"version-history":[{"count":16,"href":"https:\/\/palafitocucaolodge.com\/en\/wp-json\/wp\/v2\/pages\/165354\/revisions"}],"predecessor-version":[{"id":167631,"href":"https:\/\/palafitocucaolodge.com\/en\/wp-json\/wp\/v2\/pages\/165354\/revisions\/167631"}],"wp:attachment":[{"href":"https:\/\/palafitocucaolodge.com\/en\/wp-json\/wp\/v2\/media?parent=165354"}],"curies":[{"name":"wp","href":"https:\/\/api.w.org\/{rel}","templated":true}]}}