{"id":3,"date":"2020-10-20T18:36:33","date_gmt":"2020-10-20T18:36:33","guid":{"rendered":"https:\/\/palafitocucaolodge.com\/?page_id=3"},"modified":"2021-03-13T17:38:26","modified_gmt":"2021-03-13T20:38:26","slug":"privacy-policy","status":"publish","type":"page","link":"https:\/\/palafitocucaolodge.com\/en\/privacy-policy\/","title":{"rendered":"Privacy Policy"},"content":{"rendered":"\n<h2 class=\"wp-block-heading\">1. Uso y tratamiento de datos de car\u00e1cter personal<\/h2>\n\n\n\n<p><strong>Palafito Cucao Lodge Chilo\u00e9<\/strong>&nbsp;informa que los datos de car\u00e1cter personal proporcionados, a trav\u00e9s del sitio web, son archivados bajo seguridad en nuestros servidores.<br><br>El almacenamiento de esta informaci\u00f3n tiene la finalidad de gestionar, administrar, prestarle los servicios o facilitarle los productos que solicite, facilitar el cumplimiento y ejecuci\u00f3n de los contratos que pudiera celebrar, conocer mejor sus gustos y adecuar los servicios a sus preferencias, as\u00ed como poder ofrecerle nuevos servicios o productos y enviarle informaci\u00f3n administrativa, t\u00e9cnica, organizativa y\/o comercial de forma documental y\/o electr\u00f3nica relacionada con las actividades de&nbsp;<strong><strong>Palafito Cucao Lodge Chilo\u00e9<\/strong><\/strong>&nbsp;. Los destinatarios de la informaci\u00f3n recogida ser\u00e1n, principalmente, los empleados de&nbsp;<strong><strong>Palafito Cucao Lodge Chilo\u00e9<\/strong><\/strong>.<br><br>Salvo en los campos en que expresamente se determine lo contrario por medio de un asterisco (*), las respuestas a las preguntas sobre datos personales son voluntarias, sin que la falta de contestaci\u00f3n a dichas preguntas implique una merma en la calidad de los servicios que Usted solicita. La falta de cumplimentaci\u00f3n de los campos determinados como obligatorios o el suministro de datos incorrectos imposibilitar\u00e1 que&nbsp;<strong><strong>Palafito Cucao Lodge Chilo\u00e9<\/strong><\/strong>&nbsp;pueda prestarle los servicios o le facilite los productos que solicite.<br><br>Los usuarios garantizan y responden, en cualquier caso, de la veracidad, exactitud, vigencia y autenticidad de la informaci\u00f3n personal facilitada y se comprometen a mantenerla debidamente actualizada.<\/p>\n\n\n\n<h3 class=\"wp-block-heading\">\u00bfQu\u00e9 datos personales recogemos y por qu\u00e9 los recogemos?<\/h3>\n\n\n\n<p>Cuando los visitantes dejan comentarios en la web, recopilamos los datos que se muestran en el formulario de comentarios, as\u00ed como la direcci\u00f3n IP del visitante y la cadena de agentes de usuario del navegador para ayudar a la detecci\u00f3n de spam.<br>Una cadena an\u00f3nima creada a partir de tu direcci\u00f3n de correo electr\u00f3nico (tambi\u00e9n llamada hash) puede ser proporcionada al servicio de Gravatar para ver si la est\u00e1s usando. La pol\u00edtica de privacidad del servicio Gravatar est\u00e1 disponible aqu\u00ed:&nbsp;<a href=\"https:\/\/automattic.com\/privacy\/\">https:\/\/automattic.com\/privacy\/<\/a>. Despu\u00e9s de la aprobaci\u00f3n de tu comentario, la imagen de tu perfil es visible para el p\u00fablico en el contexto de su comentario.<\/p>\n\n\n\n<h4 class=\"wp-block-heading\">Medios<\/h4>\n\n\n\n<p>Si subes im\u00e1genes a la web deber\u00edas evitar subir im\u00e1genes con datos de ubicaci\u00f3n (GPS EXIF) incluidos. Los visitantes de la web pueden descargar y extraer cualquier dato de localizaci\u00f3n de las im\u00e1genes de la web.<\/p>\n\n\n\n<h4 class=\"wp-block-heading\">Contenido incrustado de otros sitios web<\/h4>\n\n\n\n<p>Los art\u00edculos de este sitio pueden incluir contenido incrustado (por ejemplo, v\u00eddeos, im\u00e1genes, art\u00edculos, etc.). El contenido incrustado de otras web se comporta exactamente de la misma manera que si el visitante hubiera visitado la otra web. Estas web pueden recopilar datos sobre ti, utilizar cookies, incrustar un seguimiento adicional de terceros, y supervisar tu interacci\u00f3n con ese contenido incrustado, incluido el seguimiento de tu interacci\u00f3n con el contenido incrustado si tienes una cuenta y est\u00e1s conectado a esa web.<\/p>\n\n\n\n<h4 class=\"wp-block-heading\">\u00bfCu\u00e1nto tiempo conservamos tus datos?<\/h4>\n\n\n\n<p>Si dejas un comentario, el comentario y sus metadatos se conservan indefinidamente. Esto es para que podamos reconocer y aprobar comentarios sucesivos autom\u00e1ticamente en lugar de mantenerlos en una cola de moderaci\u00f3n.<br>De los usuarios que se registran en nuestra web, tambi\u00e9n almacenamos la informaci\u00f3n personal que proporcionan en su perfil de usuario. Todos los usuarios pueden ver, editar o eliminar su informaci\u00f3n personal en cualquier momento (excepto que no pueden cambiar su nombre de usuario). Los administradores de la web tambi\u00e9n pueden ver y editar esa informaci\u00f3n.<\/p>\n\n\n\n<h2 class=\"wp-block-heading\">2. Ejercicio de derechos: acceso, rectificaci\u00f3n, cancelaci\u00f3n y oposici\u00f3n<\/h2>\n\n\n\n<p>Aquellas personas f\u00edsicas que hayan facilitado sus datos a&nbsp;<strong><strong>Palafito Cucao Lodge Chilo\u00e9<\/strong><\/strong>&nbsp;podr\u00e1n dirigirse a esta entidad, en su calidad de titular de los datos, con el fin de poder ejercitar gratuitamente sus derechos de acceso, rectificaci\u00f3n, cancelaci\u00f3n y oposici\u00f3n respecto de sus datos.<br><br>Dado el car\u00e1cter confidencial de la informaci\u00f3n, usted no podr\u00e1 ejercitar sus derechos telef\u00f3nicamente, sino que lo deber\u00e1 solicitar por cualquier medio que deje constancia de su env\u00edo y de su recepci\u00f3n y remitir copia de su identificaci\u00f3n (RUT, pasaporte) o documento equivalente.<br><br>El interesado podr\u00e1 ejercitar sus derechos mediante comunicaci\u00f3n por escrito dirigida a&nbsp;<strong><strong><strong><strong>Palafito Cucao Lodge Chilo\u00e9<\/strong><\/strong><\/strong><\/strong>&nbsp;en la direcci\u00f3n indicada al inicio o a la direcci\u00f3n de correo electr\u00f3nico&nbsp;<a href=\"mailto:info@palafito1326.com\">info@palafito1326.com<\/a><\/p>\n\n\n\n<h2 class=\"wp-block-heading\">3. Medidas de seguridad<\/h2>\n\n\n\n<p><strong><strong><strong>Palafito Cucao Lodge Chilo\u00e9<\/strong><\/strong><\/strong>&nbsp;est\u00e1 obligada a cumplir con toda la normativa aplicable en materia de medidas de seguridad aplicables a la informaci\u00f3n y datos de car\u00e1cter personal.<br><br><strong><strong><strong>Palafito Cucao Lodge Chilo\u00e9<\/strong><\/strong><\/strong>&nbsp;le informa que tiene implantadas las medidas de seguridad de \u00edndole t\u00e9cnica y organizativas necesarias para garantizar la seguridad de sus datos de car\u00e1cter personal y evitar su alteraci\u00f3n, p\u00e9rdida y tratamiento y\/o acceso no autorizado, habida cuenta del estado de la tecnolog\u00eda, la naturaleza de los datos almacenados y los riesgos a que est\u00e1n expuestos, ya provengan de la acci\u00f3n humana o del medio f\u00edsico o natural. As\u00ed,&nbsp;<strong><strong><strong>Palafito Cucao Lodge Chilo\u00e9<\/strong><\/strong><\/strong>&nbsp;ha establecido medidas adicionales en orden a reforzar la confidencialidad e integridad de la informaci\u00f3n en la organizaci\u00f3n. No obstante, el usuario debe ser consciente de que las medidas de seguridad en Internet no son inexpugnables y enteramente fiables y que&nbsp;<strong><strong><strong>Palafito Cucao Lodge Chilo\u00e9<\/strong><\/strong><\/strong>&nbsp;no puede garantizar la inexistencia de virus u otros elementos que pudieran producir alteraciones en los sistemas inform\u00e1ticos (software y hardware) del usuario.<br><br><strong><strong><strong>Palafito Cucao Lodge Chilo\u00e9<\/strong><\/strong><\/strong>&nbsp;continuamente mantiene la supervisi\u00f3n, control y evaluaci\u00f3n de los procesos para asegurar el respeto a la privacidad de los datos.<\/p>\n\n\n\n<h2 class=\"wp-block-heading\">4. Uso de Cookies<\/h2>\n\n\n\n<p>Las \u00abcookies\u00bb constituyen una herramienta empleada por los servidores web para almacenar y recuperar informaci\u00f3n acerca de sus usuarios.<br>Las \u00abcookies\u00bb son mensajes enviados por el servidor al ordenador del usuario, consistentes en archivos de texto que se almacenan en la memoria del ordenador y que recogen informaci\u00f3n relativa a las p\u00e1ginas que se visitan, el tiempo de conexi\u00f3n a Internet, etc. Las \u00abcookies\u00bb vuelven a ser enviadas al servidor cada vez que el usuario entra en esa p\u00e1gina.<br>La finalidad de las \u00abcookies\u00bb de&nbsp;<strong><strong><strong>Palafito Cucao Lodge Chilo\u00e9<\/strong><\/strong><\/strong>&nbsp;es personalizar los servicios que le ofrecemos, facilit\u00e1ndole informaci\u00f3n que pueda ser de su inter\u00e9s. Si no desea que se instale en su disco duro una cookie puede configurar el navegador de su ordenador para no recibirlas. Sin embargo, le hacemos notar que, en ese caso, la calidad del funcionamiento del sitio web puede disminuir.<br>Las \u00abcookies\u00bb se asocian \u00fanicamente con un usuario an\u00f3nimo y su ordenador, y no proporcionan por s\u00ed solas los datos personales del usuario, ni pueden leer datos de su disco duro, ni leer los archivos cookie creados por otros proveedores.<br>Los \u00ablogs\u00bb son unos archivos almacenados en el servidor de&nbsp;<strong><strong><strong>Palafito Cucao Lodge Chilo\u00e9<\/strong><\/strong><\/strong>&nbsp;que registran datos sobre su navegaci\u00f3n y nos permiten seguirle prestando los servicios que solicita. Asimismo, nos ayudan a analizar el funcionamiento del sistema, localizar las incidencias y problemas que puedan surgir y solventarlos en el menor plazo posible.<\/p>\n\n\n\n<h3 class=\"wp-block-heading\">Formulario de contacto<\/h3>\n\n\n\n<h4 class=\"wp-block-heading\">Cookies<\/h4>\n\n\n\n<p>Si dejas un comentario en nuestro sitio puedes elegir guardar tu nombre, direcci\u00f3n de correo electr\u00f3nico y web en cookies. Esto es para tu comodidad, para que no tengas que volver a rellenar tus datos cuando dejes otro comentario. Estas cookies tendr\u00e1n una duraci\u00f3n de un a\u00f1o.<br>Si tienes una cuenta y te conectas a este sitio, instalaremos una cookie temporal para determinar si tu navegador acepta cookies. Esta cookie no contiene datos personales y se elimina al cerrar el navegador. Cuando inicias sesi\u00f3n, tambi\u00e9n instalaremos varias cookies para guardar tu informaci\u00f3n de inicio de sesi\u00f3n y tus opciones de visualizaci\u00f3n de pantalla. Las cookies de inicio de sesi\u00f3n duran dos d\u00edas, y las cookies de opciones de pantalla duran un a\u00f1o. Si seleccionas \u00abRecordarme\u00bb, tu inicio de sesi\u00f3n perdurar\u00e1 durante dos semanas. Si sales de tu cuenta, las cookies de inicio de sesi\u00f3n se eliminar\u00e1n.<br>Si editas o publicas un art\u00edculo se guardar\u00e1 una cookie adicional en tu navegador. Esta cookie no incluye datos personales y simplemente indica el ID del art\u00edculo que acabas de editar. Caduca despu\u00e9s de 1 d\u00eda.<\/p>\n\n\n\n<h2 class=\"wp-block-heading\">5. Modificaci\u00f3n de la pol\u00edtica de privacidad<\/h2>\n\n\n\n<p><strong><strong><strong>Palafito Cucao Lodge Chilo\u00e9<\/strong><\/strong><\/strong>&nbsp;se reserva el derecho a modificar su Pol\u00edtica de Privacidad. Cualquier modificaci\u00f3n de la Pol\u00edtica de Privacidad ser\u00e1 publicada, antes de su efectiva aplicaci\u00f3n. El uso del Web despu\u00e9s de dichos cambios, implicar\u00e1 la aceptaci\u00f3n de \u00e9stos.<\/p>\n\n\n\n<h2 class=\"wp-block-heading\">6. Legislaci\u00f3n aplicable<\/h2>\n\n\n\n<p>Cualquier controversia que se derive del uso de este sitio web, ser\u00e1 interpretada y sometida de acuerdo con las leyes de Chile.<\/p>\n","protected":false},"excerpt":{"rendered":"<p>1. Uso y tratamiento de datos de car\u00e1cter personal Palafito Cucao Lodge Chilo\u00e9&nbsp;informa que los datos de car\u00e1cter personal proporcionados, a trav\u00e9s del sitio web, son archivados bajo seguridad en nuestros servidores. El almacenamiento de esta informaci\u00f3n tiene la finalidad de gestionar, administrar, prestarle los servicios o facilitarle los productos que solicite, facilitar el cumplimiento &hellip; <a href=\"https:\/\/palafitocucaolodge.com\/en\/privacy-policy\/\" class=\"more-link\">Continue reading<span class=\"screen-reader-text\"> &#8220;Privacy Policy&#8221;<\/span><\/a><\/p>\n","protected":false},"author":54,"featured_media":0,"parent":0,"menu_order":0,"comment_status":"closed","ping_status":"open","template":"","meta":{"_joinchat":[],"footnotes":""},"class_list":["post-3","page","type-page","status-publish","hentry"],"yoast_head":"<!-- This site is optimized with the Yoast SEO plugin v27.4 - https:\/\/yoast.com\/product\/yoast-seo-wordpress\/ -->\n<title>Privacy Policy - Palafito Cucao Lodge<\/title>\n<meta name=\"robots\" content=\"noindex, nofollow\" \/>\n<meta property=\"og:locale\" content=\"en_US\" \/>\n<meta property=\"og:type\" content=\"article\" \/>\n<meta property=\"og:title\" content=\"Privacy Policy - Palafito Cucao Lodge\" \/>\n<meta property=\"og:description\" content=\"1. Uso y tratamiento de datos de car\u00e1cter personal Palafito Cucao Lodge Chilo\u00e9&nbsp;informa que los datos de car\u00e1cter personal proporcionados, a trav\u00e9s del sitio web, son archivados bajo seguridad en nuestros servidores. El almacenamiento de esta informaci\u00f3n tiene la finalidad de gestionar, administrar, prestarle los servicios o facilitarle los productos que solicite, facilitar el cumplimiento &hellip; Continue reading &quot;Privacy Policy&quot;\" \/>\n<meta property=\"og:url\" content=\"https:\/\/palafitocucaolodge.com\/en\/privacy-policy\/\" \/>\n<meta property=\"og:site_name\" content=\"Palafito Cucao Lodge\" \/>\n<meta property=\"article:modified_time\" content=\"2021-03-13T20:38:26+00:00\" \/>\n<meta name=\"twitter:card\" content=\"summary_large_image\" \/>\n<meta name=\"twitter:label1\" content=\"Est. reading time\" \/>\n\t<meta name=\"twitter:data1\" content=\"7 minutes\" \/>\n<script type=\"application\/ld+json\" class=\"yoast-schema-graph\">{\"@context\":\"https:\\\/\\\/schema.org\",\"@graph\":[{\"@type\":\"WebPage\",\"@id\":\"https:\\\/\\\/palafitocucaolodge.com\\\/en\\\/privacy-policy\\\/\",\"url\":\"https:\\\/\\\/palafitocucaolodge.com\\\/en\\\/privacy-policy\\\/\",\"name\":\"Privacy Policy - Palafito Cucao Lodge\",\"isPartOf\":{\"@id\":\"https:\\\/\\\/palafitocucaolodge.com\\\/en\\\/#website\"},\"datePublished\":\"2020-10-20T18:36:33+00:00\",\"dateModified\":\"2021-03-13T20:38:26+00:00\",\"breadcrumb\":{\"@id\":\"https:\\\/\\\/palafitocucaolodge.com\\\/en\\\/privacy-policy\\\/#breadcrumb\"},\"inLanguage\":\"en-US\",\"potentialAction\":[{\"@type\":\"ReadAction\",\"target\":[\"https:\\\/\\\/palafitocucaolodge.com\\\/en\\\/privacy-policy\\\/\"]}]},{\"@type\":\"BreadcrumbList\",\"@id\":\"https:\\\/\\\/palafitocucaolodge.com\\\/en\\\/privacy-policy\\\/#breadcrumb\",\"itemListElement\":[{\"@type\":\"ListItem\",\"position\":1,\"name\":\"Portada\",\"item\":\"https:\\\/\\\/palafitocucaolodge.com\\\/en\\\/\"},{\"@type\":\"ListItem\",\"position\":2,\"name\":\"Privacy Policy\"}]},{\"@type\":\"WebSite\",\"@id\":\"https:\\\/\\\/palafitocucaolodge.com\\\/en\\\/#website\",\"url\":\"https:\\\/\\\/palafitocucaolodge.com\\\/en\\\/\",\"name\":\"Palafito Cucao Lodge\",\"description\":\"Boutique Hotel\",\"publisher\":{\"@id\":\"https:\\\/\\\/palafitocucaolodge.com\\\/en\\\/#organization\"},\"potentialAction\":[{\"@type\":\"SearchAction\",\"target\":{\"@type\":\"EntryPoint\",\"urlTemplate\":\"https:\\\/\\\/palafitocucaolodge.com\\\/en\\\/?s={search_term_string}\"},\"query-input\":{\"@type\":\"PropertyValueSpecification\",\"valueRequired\":true,\"valueName\":\"search_term_string\"}}],\"inLanguage\":\"en-US\"},{\"@type\":\"Organization\",\"@id\":\"https:\\\/\\\/palafitocucaolodge.com\\\/en\\\/#organization\",\"name\":\"Palafito Cucao Lodge Chilo\u00e9\",\"url\":\"https:\\\/\\\/palafitocucaolodge.com\\\/en\\\/\",\"logo\":{\"@type\":\"ImageObject\",\"inLanguage\":\"en-US\",\"@id\":\"https:\\\/\\\/palafitocucaolodge.com\\\/en\\\/#\\\/schema\\\/logo\\\/image\\\/\",\"url\":\"https:\\\/\\\/palafitocucaolodge.com\\\/wp-content\\\/uploads\\\/2022\\\/07\\\/Palafito-Cucao-iso.svg\",\"contentUrl\":\"https:\\\/\\\/palafitocucaolodge.com\\\/wp-content\\\/uploads\\\/2022\\\/07\\\/Palafito-Cucao-iso.svg\",\"width\":224,\"height\":48,\"caption\":\"Palafito Cucao Lodge Chilo\u00e9\"},\"image\":{\"@id\":\"https:\\\/\\\/palafitocucaolodge.com\\\/en\\\/#\\\/schema\\\/logo\\\/image\\\/\"}}]}<\/script>\n<!-- \/ Yoast SEO plugin. -->","yoast_head_json":{"title":"Privacy Policy - Palafito Cucao Lodge","robots":{"index":"noindex","follow":"nofollow"},"og_locale":"en_US","og_type":"article","og_title":"Privacy Policy - Palafito Cucao Lodge","og_description":"1. Uso y tratamiento de datos de car\u00e1cter personal Palafito Cucao Lodge Chilo\u00e9&nbsp;informa que los datos de car\u00e1cter personal proporcionados, a trav\u00e9s del sitio web, son archivados bajo seguridad en nuestros servidores. El almacenamiento de esta informaci\u00f3n tiene la finalidad de gestionar, administrar, prestarle los servicios o facilitarle los productos que solicite, facilitar el cumplimiento &hellip; Continue reading \"Privacy Policy\"","og_url":"https:\/\/palafitocucaolodge.com\/en\/privacy-policy\/","og_site_name":"Palafito Cucao Lodge","article_modified_time":"2021-03-13T20:38:26+00:00","twitter_card":"summary_large_image","twitter_misc":{"Est. reading time":"7 minutes"},"schema":{"@context":"https:\/\/schema.org","@graph":[{"@type":"WebPage","@id":"https:\/\/palafitocucaolodge.com\/en\/privacy-policy\/","url":"https:\/\/palafitocucaolodge.com\/en\/privacy-policy\/","name":"Privacy Policy - Palafito Cucao Lodge","isPartOf":{"@id":"https:\/\/palafitocucaolodge.com\/en\/#website"},"datePublished":"2020-10-20T18:36:33+00:00","dateModified":"2021-03-13T20:38:26+00:00","breadcrumb":{"@id":"https:\/\/palafitocucaolodge.com\/en\/privacy-policy\/#breadcrumb"},"inLanguage":"en-US","potentialAction":[{"@type":"ReadAction","target":["https:\/\/palafitocucaolodge.com\/en\/privacy-policy\/"]}]},{"@type":"BreadcrumbList","@id":"https:\/\/palafitocucaolodge.com\/en\/privacy-policy\/#breadcrumb","itemListElement":[{"@type":"ListItem","position":1,"name":"Portada","item":"https:\/\/palafitocucaolodge.com\/en\/"},{"@type":"ListItem","position":2,"name":"Privacy Policy"}]},{"@type":"WebSite","@id":"https:\/\/palafitocucaolodge.com\/en\/#website","url":"https:\/\/palafitocucaolodge.com\/en\/","name":"Palafito Cucao Lodge","description":"Boutique Hotel","publisher":{"@id":"https:\/\/palafitocucaolodge.com\/en\/#organization"},"potentialAction":[{"@type":"SearchAction","target":{"@type":"EntryPoint","urlTemplate":"https:\/\/palafitocucaolodge.com\/en\/?s={search_term_string}"},"query-input":{"@type":"PropertyValueSpecification","valueRequired":true,"valueName":"search_term_string"}}],"inLanguage":"en-US"},{"@type":"Organization","@id":"https:\/\/palafitocucaolodge.com\/en\/#organization","name":"Palafito Cucao Lodge Chilo\u00e9","url":"https:\/\/palafitocucaolodge.com\/en\/","logo":{"@type":"ImageObject","inLanguage":"en-US","@id":"https:\/\/palafitocucaolodge.com\/en\/#\/schema\/logo\/image\/","url":"https:\/\/palafitocucaolodge.com\/wp-content\/uploads\/2022\/07\/Palafito-Cucao-iso.svg","contentUrl":"https:\/\/palafitocucaolodge.com\/wp-content\/uploads\/2022\/07\/Palafito-Cucao-iso.svg","width":224,"height":48,"caption":"Palafito Cucao Lodge Chilo\u00e9"},"image":{"@id":"https:\/\/palafitocucaolodge.com\/en\/#\/schema\/logo\/image\/"}}]}},"_links":{"self":[{"href":"https:\/\/palafitocucaolodge.com\/en\/wp-json\/wp\/v2\/pages\/3","targetHints":{"allow":["GET"]}}],"collection":[{"href":"https:\/\/palafitocucaolodge.com\/en\/wp-json\/wp\/v2\/pages"}],"about":[{"href":"https:\/\/palafitocucaolodge.com\/en\/wp-json\/wp\/v2\/types\/page"}],"author":[{"embeddable":true,"href":"https:\/\/palafitocucaolodge.com\/en\/wp-json\/wp\/v2\/users\/54"}],"replies":[{"embeddable":true,"href":"https:\/\/palafitocucaolodge.com\/en\/wp-json\/wp\/v2\/comments?post=3"}],"version-history":[{"count":2,"href":"https:\/\/palafitocucaolodge.com\/en\/wp-json\/wp\/v2\/pages\/3\/revisions"}],"predecessor-version":[{"id":150541,"href":"https:\/\/palafitocucaolodge.com\/en\/wp-json\/wp\/v2\/pages\/3\/revisions\/150541"}],"wp:attachment":[{"href":"https:\/\/palafitocucaolodge.com\/en\/wp-json\/wp\/v2\/media?parent=3"}],"curies":[{"name":"wp","href":"https:\/\/api.w.org\/{rel}","templated":true}]}}